{"id":1883,"date":"2022-04-02T08:18:46","date_gmt":"2022-04-02T06:18:46","guid":{"rendered":"https:\/\/mvestenergy.no\/?page_id=1883"},"modified":"2022-04-02T08:33:03","modified_gmt":"2022-04-02T06:33:03","slug":"brage","status":"publish","type":"page","link":"https:\/\/mvestenergy.no\/en\/portfolio\/brage\/","title":{"rendered":"Brage"},"content":{"rendered":"<div class=\"wpb-content-wrapper\"><p>[vc_row el_class=&#8221;padded-section-top&#8221;][vc_column width=&#8221;2\/12&#8243;][\/vc_column][vc_column width=&#8221;10\/12&#8243;][vc_column_text css=&#8221;.vc_custom_1648543312569{margin-bottom: -50px !important;}&#8221;]<\/p>\n<h1>Brage<\/h1>\n<p>[\/vc_column_text][\/vc_column][\/vc_row][vc_row el_class=&#8221;padded-section-top-bottom&#8221;][vc_column width=&#8221;2\/12&#8243;][\/vc_column][vc_column width=&#8221;8\/12&#8243;][vc_single_image image=&#8221;1841&#8243; img_size=&#8221;large&#8221; alignment=&#8221;center&#8221; el_class=&#8221;container&#8221;][vc_column_text]Bragefeltet ligger i nordlige Nordsj\u00f8en p\u00e5 140 m vanndyp, noen f\u00e5 kilometer \u00f8st for Oseberg feltet. Feltet startet opp I 1993, og produserer fra flere ulike sandsteinsreservoarer av Jura alder. Oljen fraktes via Oseberg Transport System til Stureterminalen, og gassen transporteres i r\u00f8rledninger til Statpipe.<\/p>\n<p>Brage forretningsomr\u00e5de best\u00e5r av utvinningstillatelsene PL 055\/B\/D og PL 185 og Wintershall Dea Norge AS er operat\u00f8r med en eierandel p\u00e5 35.2 %. De andre partnerne er Lime Petroleum AS (33.8434 %), DNO Norge AS (14.2567 %), V\u00e5r Energi AS (12.2575 %) og M Vest Energy med 4.4424%.[\/vc_column_text][\/vc_column][vc_column width=&#8221;2\/12&#8243;][\/vc_column][\/vc_row][vc_row el_class=&#8221;padded-section-small-bottom&#8221;][vc_column width=&#8221;2\/12&#8243;][\/vc_column][vc_column width=&#8221;2\/12&#8243; el_class=&#8221;blokk-grafikk&#8221;][vc_single_image image=&#8221;1007&#8243; img_size=&#8221;120&#215;120&#8243; alignment=&#8221;center&#8221;][vc_column_text]<\/p>\n<p style=\"text-align: center;\"><strong>OPERATOR:<\/strong><br \/>\nWintershall DEA Norge AS<\/p>\n<p>[\/vc_column_text][\/vc_column][vc_column width=&#8221;2\/12&#8243; el_class=&#8221;blokk-grafikk&#8221;][vc_single_image image=&#8221;1013&#8243; img_size=&#8221;120&#215;120&#8243; alignment=&#8221;center&#8221;][vc_column_text]<\/p>\n<p style=\"text-align: center;\"><strong>LOCATION:<\/strong><br \/>\nBlock 30\/6, 31\/4 &amp; 31\/7<\/p>\n<p>[\/vc_column_text][\/vc_column][vc_column width=&#8221;2\/12&#8243; el_class=&#8221;blokk-grafikk&#8221;][vc_single_image image=&#8221;1015&#8243; img_size=&#8221;200&#215;200&#8243; alignment=&#8221;center&#8221;][vc_column_text]<\/p>\n<p style=\"text-align: center;\"><strong>STATUS:<\/strong><br \/>\nProduction<\/p>\n<p>[\/vc_column_text][\/vc_column][vc_column width=&#8221;2\/12&#8243; el_class=&#8221;blokk-grafikk&#8221;][vc_single_image image=&#8221;1021&#8243; img_size=&#8221;120&#215;120&#8243; alignment=&#8221;center&#8221;][vc_column_text]<\/p>\n<p style=\"text-align: center;\"><strong>LICENSEES:<\/strong><br \/>\nWintershall Dea 35.2%<br \/>\nLime Petroleum 33.8434%<br \/>\nV\u00e5r Energi 12.2575%<br \/>\nM Vest Energy 4.4424%<\/p>\n<p>[\/vc_column_text][\/vc_column][vc_column width=&#8221;2\/12&#8243;][\/vc_column][\/vc_row][vc_row content_placement=&#8221;middle&#8221; bg_type=&#8221;bg_color&#8221; bg_override=&#8221;full&#8221; bg_color_value=&#8221;#f5f5f5&#8243; el_class=&#8221;padded-section-big&#8221;][vc_column width=&#8221;1\/12&#8243;][\/vc_column][vc_column width=&#8221;4\/12&#8243; el_class=&#8221;blokk-lisenser-utlystning&#8221;][vc_column_text]<\/p>\n<h2>Portfolio<\/h2>\n<p>[\/vc_column_text][vc_column_text]<\/p>\n<div class=\"products_category_list-wrapper\">\n<div class=\"products_category_list-field products_category_list_field-title\">\n<div><strong>EXPLORATION<\/strong><\/div>\n<div class=\"products_category_list-field products_category_list_field-title\"><a href=\"https:\/\/mvestenergy.no\/en\/portfolio\/pl528-pl528b-nyk-high\/\">PL528\/B<\/a><\/div>\n<div class=\"products_category_list-wrapper\">\n<div><a href=\"https:\/\/mvestenergy.no\/en\/portfolio\/pl1116\/\">PL1116<\/a><br \/>\n<a href=\"https:\/\/mvestenergy.no\/en\/portfolio\/pl1130\/\">PL1130<\/a><\/div>\n<div><a href=\"https:\/\/mvestenergy.no\/en\/portfolio\/pl1156\/\">PL1156<\/a><\/div>\n<div><a href=\"https:\/\/mvestenergy.no\/en\/portfolio\/pl1161\/\">PL1161<\/a><\/div>\n<div><\/div>\n<div><strong>DEVELOPMENT AND PRODUCTION<br \/>\n<\/strong><\/div>\n<div><a href=\"https:\/\/mvestenergy.no\/en\/portfolio\/draugen-hasselmus\/\">Draugen &amp; Hasselmus<\/a><\/div>\n<div><a href=\"https:\/\/mvestenergy.no\/en\/portfolio\/brage\/\">Brage<\/a><\/div>\n<div><a href=\"https:\/\/mvestenergy.no\/en\/portfolio\/ivar-aasen\/\">Ivar Aasen<\/a><\/div>\n<div><\/div>\n<div><strong>PIPELINES<\/strong><br \/>\n<a href=\"https:\/\/mvestenergy.no\/en\/portfolio\/polarled\/\">Polarled<\/a><\/div>\n<\/div>\n<\/div>\n<\/div>\n<div class=\"products_category_list-wrapper\"><a href=\"https:\/\/mvestenergy.no\/en\/portfolio\/uhgp-egop\/\">UHGP &amp; EGOP<\/a><\/div>\n<p>[\/vc_column_text][\/vc_column][vc_column width=&#8221;1\/12&#8243;][\/vc_column][vc_column width=&#8221;6\/12&#8243; el_class=&#8221;container&#8221;][vc_single_image image=&#8221;1066&#8243; img_size=&#8221;660&#215;660&#8243; el_class=&#8221;container&#8221;][\/vc_column][\/vc_row]<\/p>\n<\/div>","protected":false},"excerpt":{"rendered":"<p>[vc_row el_class=&#8221;padded-section-top&#8221;][vc_column width=&#8221;2\/12&#8243;][\/vc_column][vc_column width=&#8221;10\/12&#8243;][vc_column_text css=&#8221;.vc_custom_1648543312569{margin-bottom: -50px !important;}&#8221;] Brage [\/vc_column_text][\/vc_column][\/vc_row][vc_row el_class=&#8221;padded-section-top-bottom&#8221;][vc_column width=&#8221;2\/12&#8243;][\/vc_column][vc_column width=&#8221;8\/12&#8243;][vc_single_image image=&#8221;1841&#8243; img_size=&#8221;large&#8221; alignment=&#8221;center&#8221; el_class=&#8221;container&#8221;][vc_column_text]Bragefeltet ligger i nordlige Nordsj\u00f8en p\u00e5 140 m vanndyp, noen f\u00e5 kilometer \u00f8st for Oseberg feltet. Feltet startet opp I 1993, og produserer fra flere ulike sandsteinsreservoarer av Jura alder. Oljen fraktes via Oseberg Transport System til Stureterminalen, og gassen [&hellip;]<\/p>\n","protected":false},"author":4,"featured_media":0,"parent":90,"menu_order":2,"comment_status":"closed","ping_status":"closed","template":"","meta":{"footnotes":""},"class_list":["post-1883","page","type-page","status-publish","hentry"],"yoast_head":"<!-- This site is optimized with the Yoast SEO plugin v26.9 - https:\/\/yoast.com\/product\/yoast-seo-wordpress\/ -->\n<title>Brage - M Vest Energy AS<\/title>\n<meta name=\"robots\" content=\"index, follow, max-snippet:-1, max-image-preview:large, max-video-preview:-1\" \/>\n<link rel=\"canonical\" href=\"https:\/\/mvestenergy.no\/en\/portfolio\/brage\/\" \/>\n<meta property=\"og:locale\" content=\"en_US\" \/>\n<meta property=\"og:type\" content=\"article\" \/>\n<meta property=\"og:title\" content=\"Brage - M Vest Energy AS\" \/>\n<meta property=\"og:description\" content=\"[vc_row el_class=&#8221;padded-section-top&#8221;][vc_column width=&#8221;2\/12&#8243;][\/vc_column][vc_column width=&#8221;10\/12&#8243;][vc_column_text css=&#8221;.vc_custom_1648543312569{margin-bottom: -50px !important;}&#8221;] Brage [\/vc_column_text][\/vc_column][\/vc_row][vc_row el_class=&#8221;padded-section-top-bottom&#8221;][vc_column width=&#8221;2\/12&#8243;][\/vc_column][vc_column width=&#8221;8\/12&#8243;][vc_single_image image=&#8221;1841&#8243; img_size=&#8221;large&#8221; alignment=&#8221;center&#8221; el_class=&#8221;container&#8221;][vc_column_text]Bragefeltet ligger i nordlige Nordsj\u00f8en p\u00e5 140 m vanndyp, noen f\u00e5 kilometer \u00f8st for Oseberg feltet. Feltet startet opp I 1993, og produserer fra flere ulike sandsteinsreservoarer av Jura alder. Oljen fraktes via Oseberg Transport System til Stureterminalen, og gassen [&hellip;]\" \/>\n<meta property=\"og:url\" content=\"https:\/\/mvestenergy.no\/en\/portfolio\/brage\/\" \/>\n<meta property=\"og:site_name\" content=\"M Vest Energy AS\" \/>\n<meta property=\"article:modified_time\" content=\"2022-04-02T06:33:03+00:00\" \/>\n<meta name=\"twitter:card\" content=\"summary_large_image\" \/>\n<meta name=\"twitter:label1\" content=\"Est. reading time\" \/>\n\t<meta name=\"twitter:data1\" content=\"1 minute\" \/>\n<script type=\"application\/ld+json\" class=\"yoast-schema-graph\">{\"@context\":\"https:\/\/schema.org\",\"@graph\":[{\"@type\":\"WebPage\",\"@id\":\"https:\/\/mvestenergy.no\/en\/portfolio\/brage\/\",\"url\":\"https:\/\/mvestenergy.no\/en\/portfolio\/brage\/\",\"name\":\"Brage - M Vest Energy AS\",\"isPartOf\":{\"@id\":\"https:\/\/mvestenergy.no\/#website\"},\"datePublished\":\"2022-04-02T06:18:46+00:00\",\"dateModified\":\"2022-04-02T06:33:03+00:00\",\"breadcrumb\":{\"@id\":\"https:\/\/mvestenergy.no\/en\/portfolio\/brage\/#breadcrumb\"},\"inLanguage\":\"en-US\",\"potentialAction\":[{\"@type\":\"ReadAction\",\"target\":[\"https:\/\/mvestenergy.no\/en\/portfolio\/brage\/\"]}]},{\"@type\":\"BreadcrumbList\",\"@id\":\"https:\/\/mvestenergy.no\/en\/portfolio\/brage\/#breadcrumb\",\"itemListElement\":[{\"@type\":\"ListItem\",\"position\":1,\"name\":\"Hjem\",\"item\":\"https:\/\/mvestenergy.no\/en\/\"},{\"@type\":\"ListItem\",\"position\":2,\"name\":\"Portfolio\",\"item\":\"https:\/\/mvestenergy.no\/en\/portfolio\/\"},{\"@type\":\"ListItem\",\"position\":3,\"name\":\"Brage\"}]},{\"@type\":\"WebSite\",\"@id\":\"https:\/\/mvestenergy.no\/#website\",\"url\":\"https:\/\/mvestenergy.no\/\",\"name\":\"M Vest Energy AS\",\"description\":\"\",\"potentialAction\":[{\"@type\":\"SearchAction\",\"target\":{\"@type\":\"EntryPoint\",\"urlTemplate\":\"https:\/\/mvestenergy.no\/?s={search_term_string}\"},\"query-input\":{\"@type\":\"PropertyValueSpecification\",\"valueRequired\":true,\"valueName\":\"search_term_string\"}}],\"inLanguage\":\"en-US\"}]}<\/script>\n<!-- \/ Yoast SEO plugin. -->","yoast_head_json":{"title":"Brage - M Vest Energy AS","robots":{"index":"index","follow":"follow","max-snippet":"max-snippet:-1","max-image-preview":"max-image-preview:large","max-video-preview":"max-video-preview:-1"},"canonical":"https:\/\/mvestenergy.no\/en\/portfolio\/brage\/","og_locale":"en_US","og_type":"article","og_title":"Brage - M Vest Energy AS","og_description":"[vc_row el_class=&#8221;padded-section-top&#8221;][vc_column width=&#8221;2\/12&#8243;][\/vc_column][vc_column width=&#8221;10\/12&#8243;][vc_column_text css=&#8221;.vc_custom_1648543312569{margin-bottom: -50px !important;}&#8221;] Brage [\/vc_column_text][\/vc_column][\/vc_row][vc_row el_class=&#8221;padded-section-top-bottom&#8221;][vc_column width=&#8221;2\/12&#8243;][\/vc_column][vc_column width=&#8221;8\/12&#8243;][vc_single_image image=&#8221;1841&#8243; img_size=&#8221;large&#8221; alignment=&#8221;center&#8221; el_class=&#8221;container&#8221;][vc_column_text]Bragefeltet ligger i nordlige Nordsj\u00f8en p\u00e5 140 m vanndyp, noen f\u00e5 kilometer \u00f8st for Oseberg feltet. Feltet startet opp I 1993, og produserer fra flere ulike sandsteinsreservoarer av Jura alder. Oljen fraktes via Oseberg Transport System til Stureterminalen, og gassen [&hellip;]","og_url":"https:\/\/mvestenergy.no\/en\/portfolio\/brage\/","og_site_name":"M Vest Energy AS","article_modified_time":"2022-04-02T06:33:03+00:00","twitter_card":"summary_large_image","twitter_misc":{"Est. reading time":"1 minute"},"schema":{"@context":"https:\/\/schema.org","@graph":[{"@type":"WebPage","@id":"https:\/\/mvestenergy.no\/en\/portfolio\/brage\/","url":"https:\/\/mvestenergy.no\/en\/portfolio\/brage\/","name":"Brage - M Vest Energy AS","isPartOf":{"@id":"https:\/\/mvestenergy.no\/#website"},"datePublished":"2022-04-02T06:18:46+00:00","dateModified":"2022-04-02T06:33:03+00:00","breadcrumb":{"@id":"https:\/\/mvestenergy.no\/en\/portfolio\/brage\/#breadcrumb"},"inLanguage":"en-US","potentialAction":[{"@type":"ReadAction","target":["https:\/\/mvestenergy.no\/en\/portfolio\/brage\/"]}]},{"@type":"BreadcrumbList","@id":"https:\/\/mvestenergy.no\/en\/portfolio\/brage\/#breadcrumb","itemListElement":[{"@type":"ListItem","position":1,"name":"Hjem","item":"https:\/\/mvestenergy.no\/en\/"},{"@type":"ListItem","position":2,"name":"Portfolio","item":"https:\/\/mvestenergy.no\/en\/portfolio\/"},{"@type":"ListItem","position":3,"name":"Brage"}]},{"@type":"WebSite","@id":"https:\/\/mvestenergy.no\/#website","url":"https:\/\/mvestenergy.no\/","name":"M Vest Energy AS","description":"","potentialAction":[{"@type":"SearchAction","target":{"@type":"EntryPoint","urlTemplate":"https:\/\/mvestenergy.no\/?s={search_term_string}"},"query-input":{"@type":"PropertyValueSpecification","valueRequired":true,"valueName":"search_term_string"}}],"inLanguage":"en-US"}]}},"_links":{"self":[{"href":"https:\/\/mvestenergy.no\/en\/wp-json\/wp\/v2\/pages\/1883","targetHints":{"allow":["GET"]}}],"collection":[{"href":"https:\/\/mvestenergy.no\/en\/wp-json\/wp\/v2\/pages"}],"about":[{"href":"https:\/\/mvestenergy.no\/en\/wp-json\/wp\/v2\/types\/page"}],"author":[{"embeddable":true,"href":"https:\/\/mvestenergy.no\/en\/wp-json\/wp\/v2\/users\/4"}],"replies":[{"embeddable":true,"href":"https:\/\/mvestenergy.no\/en\/wp-json\/wp\/v2\/comments?post=1883"}],"version-history":[{"count":0,"href":"https:\/\/mvestenergy.no\/en\/wp-json\/wp\/v2\/pages\/1883\/revisions"}],"up":[{"embeddable":true,"href":"https:\/\/mvestenergy.no\/en\/wp-json\/wp\/v2\/pages\/90"}],"wp:attachment":[{"href":"https:\/\/mvestenergy.no\/en\/wp-json\/wp\/v2\/media?parent=1883"}],"curies":[{"name":"wp","href":"https:\/\/api.w.org\/{rel}","templated":true}]}}